{"id":1450,"date":"2019-05-01T11:00:49","date_gmt":"2019-05-01T09:00:49","guid":{"rendered":"http:\/\/neustimme.minderheiten.at\/wordpress\/?page_id=1450"},"modified":"2025-08-25T11:32:50","modified_gmt":"2025-08-25T09:32:50","slug":"ueber-uns","status":"publish","type":"page","link":"https:\/\/stimme.minderheiten.at\/wordpress\/index.php\/ueber-uns","title":{"rendered":"\u00dcber uns"},"content":{"rendered":"\n<p>Die Stimme \u2013 Zeitschrift der Initiative Minderheiten erscheint seit 1991 viertelj\u00e4hrlich in einer Auflage von 3.500 St\u00fcck als einziges minderheiten\u00fcbergreifendes Magazin in \u00d6sterreich. Gegr\u00fcndet als mediale Plattform der Initiative Minderheiten informiert sie \u00fcber (minderheiten)politische Entwicklungen, greift aktuelle Diskussionen auf, f\u00fchrt sie weiter und bietet Raum f\u00fcr Forderungen unterschiedlicher minorisierter Gruppen.   <\/p>\n\n\n\n<p>Die Blattlinie der Stimme ergibt sich aus der Programmatik der <a href=\"https:\/\/initiative.minderheiten.at\/wordpress\/index.php\/ber-initiative-minderheiten\/\" target=\"_blank\" rel=\"noreferrer noopener\" aria-label=\"Initiative Minderheiten (\u00f6ffnet in neuem Tab)\">Initiative Minderheiten<\/a>, die es sich zum Ziel gesetzt hat, Allianzen unter den verschiedenen Minderheitengruppen zu schaffen. Inkludiert sind darin sowohl die \u00f6sterreichischen Volksgruppen als auch Migrant*innen und Gefl\u00fcchtete, LGBTIQ\u2019s und Menschen mit Behinderung. Ebenso wichtig f\u00fcr die Initiative Minderheiten ist ein gemeinsames politisches und solidarisches Handeln von Minderheiten- und Mehrheitsangeh\u00f6rigen.<\/p>\n\n\n\n<p>Vor diesem Hintergrund bietet die Stimme eine mediale Plattform zur Entwicklung, Festigung und Sichtbarmachung dieser minorit\u00e4ren Allianzen. Jedes Heft beinhaltet einen minderheiten\u00fcbergreifenden thematischen Schwerpunkt, im Rahmen dessen die eingeladenen Autor*innen aufgrund ihren jeweiligen Expertisen politisch-theoretische Analysen vornehmen. Interviews mit Aktivist*innen und Wissenschaftler*innen, Buchbesprechungen und Kulturtipps sind weitere Fixelemente der Zeitschrift.<\/p>\n\n\n\n<p>In den vergangenen \u2013 mehr als \u2013 drei Jahrzehnten widmete sich die Stimme unter anderem den Themen Mehrsprachigkeit, Integration, Nationalsozialismus, Menschenrechte, Demokratie, Rassismus, Homophobie, Antiziganismus, Antisemitismus, Flucht, Bildung und minorit\u00e4re Bewegungen. Nicht zuletzt aufgrund unseres Anspruchs, aktuelle Diskurse rund um Minderheitenfragen in einen gr\u00f6\u00dferen historischen und gesellschaftspolitischen Rahmen zu stellen, sieht sich die Stimme als Schnittstelle zwischen Minderheitenaktivismus, Politik, Wissenschaft, Kunst und Bildung.<\/p>\n\n\n\n<p>Mit der Erstellung einer eigenen Website k\u00f6nnen nun alle Ausgaben ab 2009 im <a rel=\"noreferrer noopener\" aria-label=\"Stimme Archiv (\u00f6ffnet in neuem Tab)\" href=\"https:\/\/stimme.minderheiten.at\/wordpress\/index.php\/category\/stimme\" target=\"_blank\">Stimme Archiv<\/a> elektronisch heruntergeladen werden.  <\/p>\n\n\n\n<p>Chefredakteurin: Gamze Ongan \u2013 <a rel=\"noreferrer noopener\" aria-label=\"stimme(at)initiative.minderheiten.at (\u00f6ffnet in neuem Tab)\" href=\"mailto:stimme@initiative.minderheiten.at\" target=\"_blank\">stimme@initiative.minderheiten.at<\/a><\/p>\n\n\n\n<p>Grafisches Konzept, Artdirektion &amp; Illustrationen: fazzDesign (Fatih Aydo\u011fdu) \u2013 <a rel=\"noreferrer noopener\" aria-label=\"fazz(at)fazz3.net (\u00f6ffnet in neuem Tab)\" href=\"mailto:fazz@fazz3.net\" target=\"_blank\">fazz@fazz3.net<\/a><\/p>\n\n\n\n<p>Lektorat: Daniel M\u00fcller &#8211; <a href=\"mailto:aka.dmu@gmail.com\" target=\"_blank\" rel=\"noreferrer noopener\">aka.dmu@gmail.com<\/a><\/p>\n\n\n\n<p>Abos: Ebru Uzun  &#8211;  <a href=\"mailto:abo@initiative.minderheiten.at\" target=\"_blank\" rel=\"noreferrer noopener\" aria-label=\" (\u00f6ffnet in neuem Tab)\">abo@initiative.minderheiten.at<\/a> <\/p>\n\n\n\n<p>Redaktionelle Mitarbeit: Vida Bakondy, mh, Jessica Beer, Cornelia Kogoj, Sabine Schwaighofer, Peter Schwarz, Jana Sommeregger, Gerd Valchars, Vladimir Wakounig<\/p>\n\n\n\n<hr class=\"wp-block-separator has-css-opacity\" \/>\n\n\n\n<h4>F\u00f6rdergeber*innen:<\/h4>\n\n\n\n<ul>\n<li><a href=\"https:\/\/www.wien.gv.at\/\" target=\"_blank\" rel=\"noreferrer noopener\">MA7 \u2013 Kulturabteilung der Stadt Wien \u2013 Wissenschafts- und Forschungsf\u00f6rderung<\/a><\/li>\n\n\n\n<li><a href=\"https:\/\/erwachsenenbildung.at\/\" target=\"_blank\" rel=\"noreferrer noopener\">BMFWF &#8211; Abt. Erwachsenenbildung<\/a><\/li>\n\n\n\n<li><a href=\"https:\/\/www.bmb.gv.at\/\" target=\"_blank\" rel=\"noreferrer noopener\">Bundesministerium f\u00fcr Bildung<\/a><\/li>\n\n\n\n<li><a href=\"https:\/\/www.bmwkms.gv.at\/\" target=\"_blank\" rel=\"noreferrer noopener\">BMWKMS &#8211; Abt. Literatur<\/a><\/li>\n\n\n\n<li><a href=\"https:\/\/www.burgenland.at\/\">Land Burgenland<\/a><\/li>\n\n\n\n<li><a href=\"https:\/\/www.ktn.gv.at\/\">Land K\u00e4rnten<\/a><\/li>\n\n\n\n<li><a href=\"https:\/\/www.wien.gv.at\/kontakte\/ma57\/\">MA 57 \u2013 Frauenabteilung der Stadt<\/a><\/li>\n\n\n\n<li><a href=\"https:\/\/www.zukunftsfonds-austria.at\/\">Zukunftsfonds der Republik \u00d6sterreich<\/a><\/li>\n\n\n\n<li><a href=\"https:\/\/www.nationalfonds.org\/startseite\">Nationalfonds der Republik \u00d6sterreich f\u00fcr Opfer des Nationalsozialismus<\/a><\/li>\n<\/ul>\n\n\n\n<hr class=\"wp-block-separator has-css-opacity\" \/>\n\n\n\n<p><a href=\"http:\/\/www.facebook.com\/zeitschriftstimme\">Die Stimme auf Facebook<\/a><\/p>\n","protected":false},"excerpt":{"rendered":"<p>&#46;&#46;&#46;<\/p>\n","protected":false},"author":1,"featured_media":0,"parent":0,"menu_order":0,"comment_status":"closed","ping_status":"closed","template":"","meta":[],"categories":[],"tags":[],"distributor_meta":false,"distributor_terms":false,"distributor_media":false,"distributor_original_site_name":"Zeitschrift Stimme","distributor_original_site_url":"https:\/\/stimme.minderheiten.at\/wordpress","_links":{"self":[{"href":"https:\/\/stimme.minderheiten.at\/wordpress\/index.php\/wp-json\/wp\/v2\/pages\/1450"}],"collection":[{"href":"https:\/\/stimme.minderheiten.at\/wordpress\/index.php\/wp-json\/wp\/v2\/pages"}],"about":[{"href":"https:\/\/stimme.minderheiten.at\/wordpress\/index.php\/wp-json\/wp\/v2\/types\/page"}],"author":[{"embeddable":true,"href":"https:\/\/stimme.minderheiten.at\/wordpress\/index.php\/wp-json\/wp\/v2\/users\/1"}],"replies":[{"embeddable":true,"href":"https:\/\/stimme.minderheiten.at\/wordpress\/index.php\/wp-json\/wp\/v2\/comments?post=1450"}],"version-history":[{"count":62,"href":"https:\/\/stimme.minderheiten.at\/wordpress\/index.php\/wp-json\/wp\/v2\/pages\/1450\/revisions"}],"predecessor-version":[{"id":4553,"href":"https:\/\/stimme.minderheiten.at\/wordpress\/index.php\/wp-json\/wp\/v2\/pages\/1450\/revisions\/4553"}],"wp:attachment":[{"href":"https:\/\/stimme.minderheiten.at\/wordpress\/index.php\/wp-json\/wp\/v2\/media?parent=1450"}],"wp:term":[{"taxonomy":"category","embeddable":true,"href":"https:\/\/stimme.minderheiten.at\/wordpress\/index.php\/wp-json\/wp\/v2\/categories?post=1450"},{"taxonomy":"post_tag","embeddable":true,"href":"https:\/\/stimme.minderheiten.at\/wordpress\/index.php\/wp-json\/wp\/v2\/tags?post=1450"}],"curies":[{"name":"wp","href":"https:\/\/api.w.org\/{rel}","templated":true}]}}